{"id":11108,"date":"2026-01-13T19:16:23","date_gmt":"2026-01-13T19:16:23","guid":{"rendered":"https:\/\/www.interplot.cl\/?post_type=product&#038;p=11108"},"modified":"2026-01-22T02:23:43","modified_gmt":"2026-01-22T02:23:43","slug":"stopper-publicitario","status":"publish","type":"product","link":"https:\/\/www.interplot.cl\/index.php\/product\/stopper-publicitario\/","title":{"rendered":"Stopper Publicitario"},"content":{"rendered":"<div class=\"ewa-rteLine\">\n<div class=\"ewa-rteLine\">\n<div class=\"ewa-rteLine\">\n<div class=\"ewa-rteLine\">\n<div class=\"ewa-rteLine\">\n<div class=\"ewa-rteLine\">\n<div class=\"ewa-rteLine\">\n<div class=\"ewa-rteLine\">\n<div class=\"ewa-rteLine\">\n<div class=\"ewa-rteLine\">\n<div class=\"ewa-rteLine\">\n<div class=\"ewa-rteLine\">\n<div class=\"ewa-rteLine\">\n<div class=\"ewa-rteLine\">\n<div class=\"ewa-rteLine\">\n<div class=\"ewa-rteLine\">\n<div class=\"ewa-rteLine\">\n<div class=\"ewa-rteLine\">Atrae las miradas, con atractivos Stopper Publicitarios. Incluye gripper de pl\u00e1stico lateral. Medidas personalizadas. Valores no incluyen confecci\u00f3n de dise\u00f1o, ni modificaciones.<\/div>\n<\/div>\n<\/div>\n<\/div>\n<\/div>\n<\/div>\n<\/div>\n<\/div>\n<\/div>\n<\/div>\n<\/div>\n<\/div>\n<\/div>\n<\/div>\n<\/div>\n<\/div>\n<\/div>\n<\/div>\n","protected":false},"excerpt":{"rendered":"<div class=\"ewa-rteLine\">\n<div class=\"ewa-rteLine\">\n<div class=\"ewa-rteLine\">\n<div class=\"ewa-rteLine\">\n<div class=\"ewa-rteLine\">\n<div class=\"ewa-rteLine\">\n<div class=\"ewa-rteLine\">\n<div class=\"ewa-rteLine\">\n<div class=\"ewa-rteLine\">\n<div class=\"ewa-rteLine\">\n<div class=\"ewa-rteLine\">\n<div class=\"ewa-rteLine\">\n<div class=\"ewa-rteLine\">\n<div class=\"ewa-rteLine\">\n<div class=\"ewa-rteLine\">\n<div class=\"ewa-rteLine\">\n<div class=\"ewa-rteLine\">Atrae las miradas, con atractivos Stopper Publicitarios. Incluye gripper de pl\u00e1stico lateral. Medidas personalizadas. Valores no incluyen confecci\u00f3n de dise\u00f1o, ni modificaciones.<\/div>\n<\/div>\n<\/div>\n<\/div>\n<\/div>\n<\/div>\n<\/div>\n<\/div>\n<\/div>\n<\/div>\n<\/div>\n<\/div>\n<\/div>\n<\/div>\n<\/div>\n<\/div>\n<\/div>\n","protected":false},"featured_media":11523,"template":"","meta":[],"product_brand":[],"product_cat":[131,146],"product_tag":[],"class_list":{"0":"post-11108","1":"product","2":"type-product","3":"status-publish","4":"has-post-thumbnail","6":"product_cat-marketing","7":"product_cat-papeleria-corporativa","9":"first","10":"instock","11":"shipping-taxable","12":"purchasable","13":"product-type-variable"},"featured_media_urls":{"thumbnail":["https:\/\/www.interplot.cl\/wp-content\/uploads\/2026\/01\/Stopper-mockup-150x150.jpg",150,150,true],"medium":["https:\/\/www.interplot.cl\/wp-content\/uploads\/2026\/01\/Stopper-mockup-300x300.jpg",300,300,true],"medium_large":["https:\/\/www.interplot.cl\/wp-content\/uploads\/2026\/01\/Stopper-mockup.jpg",600,600,false],"large":["https:\/\/www.interplot.cl\/wp-content\/uploads\/2026\/01\/Stopper-mockup.jpg",600,600,false],"1536x1536":["https:\/\/www.interplot.cl\/wp-content\/uploads\/2026\/01\/Stopper-mockup.jpg",600,600,false],"2048x2048":["https:\/\/www.interplot.cl\/wp-content\/uploads\/2026\/01\/Stopper-mockup.jpg",600,600,false],"depicter-thumbnail":["https:\/\/www.interplot.cl\/wp-content\/uploads\/2026\/01\/Stopper-mockup-200x200.jpg",200,200,true],"post-thumbnail":["https:\/\/www.interplot.cl\/wp-content\/uploads\/2026\/01\/Stopper-mockup-280x180.jpg",280,180,true],"woocommerce_thumbnail":["https:\/\/www.interplot.cl\/wp-content\/uploads\/2026\/01\/Stopper-mockup-300x300.jpg",300,300,true],"woocommerce_single":["https:\/\/www.interplot.cl\/wp-content\/uploads\/2026\/01\/Stopper-mockup.jpg",600,600,false],"woocommerce_gallery_thumbnail":["https:\/\/www.interplot.cl\/wp-content\/uploads\/2026\/01\/Stopper-mockup-100x100.jpg",100,100,true],"portfolio_item-thumbnail":["https:\/\/www.interplot.cl\/wp-content\/uploads\/2026\/01\/Stopper-mockup.jpg",400,400,false],"portfolio_item-thumbnail@2x":["https:\/\/www.interplot.cl\/wp-content\/uploads\/2026\/01\/Stopper-mockup.jpg",600,600,false],"portfolio_item-masonry":["https:\/\/www.interplot.cl\/wp-content\/uploads\/2026\/01\/Stopper-mockup.jpg",600,600,false],"portfolio_item-masonry@2x":["https:\/\/www.interplot.cl\/wp-content\/uploads\/2026\/01\/Stopper-mockup.jpg",600,600,false],"portfolio_item-thumbnail_cinema":["https:\/\/www.interplot.cl\/wp-content\/uploads\/2026\/01\/Stopper-mockup.jpg",335,335,false],"portfolio_item-thumbnail_portrait":["https:\/\/www.interplot.cl\/wp-content\/uploads\/2026\/01\/Stopper-mockup.jpg",600,600,false],"portfolio_item-thumbnail_portrait@2x":["https:\/\/www.interplot.cl\/wp-content\/uploads\/2026\/01\/Stopper-mockup.jpg",600,600,false],"portfolio_item-thumbnail_square":["https:\/\/www.interplot.cl\/wp-content\/uploads\/2026\/01\/Stopper-mockup.jpg",600,600,false],"variation_swatches_image_size":["https:\/\/www.interplot.cl\/wp-content\/uploads\/2026\/01\/Stopper-mockup-50x50.jpg",50,50,true],"variation_swatches_tooltip_size":["https:\/\/www.interplot.cl\/wp-content\/uploads\/2026\/01\/Stopper-mockup-100x100.jpg",100,100,true],"dgwt-wcas-product-suggestion":["https:\/\/www.interplot.cl\/wp-content\/uploads\/2026\/01\/Stopper-mockup-64x64.jpg",64,64,true]},"_links":{"self":[{"href":"https:\/\/www.interplot.cl\/index.php\/wp-json\/wp\/v2\/product\/11108","targetHints":{"allow":["GET"]}}],"collection":[{"href":"https:\/\/www.interplot.cl\/index.php\/wp-json\/wp\/v2\/product"}],"about":[{"href":"https:\/\/www.interplot.cl\/index.php\/wp-json\/wp\/v2\/types\/product"}],"wp:featuredmedia":[{"embeddable":true,"href":"https:\/\/www.interplot.cl\/index.php\/wp-json\/wp\/v2\/media\/11523"}],"wp:attachment":[{"href":"https:\/\/www.interplot.cl\/index.php\/wp-json\/wp\/v2\/media?parent=11108"}],"wp:term":[{"taxonomy":"product_brand","embeddable":true,"href":"https:\/\/www.interplot.cl\/index.php\/wp-json\/wp\/v2\/product_brand?post=11108"},{"taxonomy":"product_cat","embeddable":true,"href":"https:\/\/www.interplot.cl\/index.php\/wp-json\/wp\/v2\/product_cat?post=11108"},{"taxonomy":"product_tag","embeddable":true,"href":"https:\/\/www.interplot.cl\/index.php\/wp-json\/wp\/v2\/product_tag?post=11108"}],"curies":[{"name":"wp","href":"https:\/\/api.w.org\/{rel}","templated":true}]}}