{"id":11010,"date":"2026-01-13T15:27:57","date_gmt":"2026-01-13T15:27:57","guid":{"rendered":"https:\/\/www.interplot.cl\/?post_type=product&#038;p=11010"},"modified":"2026-01-22T02:18:55","modified_gmt":"2026-01-22T02:18:55","slug":"postales-personalizadas-2-caras","status":"publish","type":"product","link":"https:\/\/www.interplot.cl\/index.php\/product\/postales-personalizadas-2-caras\/","title":{"rendered":"Postales personalizadas 2 caras"},"content":{"rendered":"<div class=\"ewa-rteLine\">\n<div class=\"ewa-rteLine\">\n<div class=\"ewa-rteLine\">\n<div class=\"ewa-rteLine\">\n<div class=\"ewa-rteLine\"><span class=\"selection-contrast\">Postales Personalizadas,<\/span><\/div>\n<div class=\"ewa-rteLine\"><span class=\"selection-contrast\">Impresiones de alta resoluci\u00f3n, personalizadas para empresas o regalos particulares.<\/span><\/div>\n<div class=\"ewa-rteLine\"><span class=\"selection-contrast\">Con un tama\u00f1o est\u00e1ndar y con una gran variedad de papeles y gramajes que se acomodan a tu necesidad. El valor no incluye confecci\u00f3n de dise\u00f1o, ni modificaciones.<\/span><\/div>\n<\/div>\n<\/div>\n<\/div>\n<\/div>\n","protected":false},"excerpt":{"rendered":"<div class=\"ewa-rteLine\">\n<div class=\"ewa-rteLine\">\n<div class=\"ewa-rteLine\">\n<div class=\"ewa-rteLine\"><span class=\"selection-contrast\">Postales Personalizadas,<\/span><\/div>\n<div class=\"ewa-rteLine\"><span class=\"selection-contrast\">Impresiones de alta resoluci\u00f3n, personalizadas para empresas o regalos particulares.<\/span><\/div>\n<div class=\"ewa-rteLine\"><span class=\"selection-contrast\">Con un tama\u00f1o est\u00e1ndar y con una gran variedad de papeles y gramajes que se acomodan a tu necesidad. El valor no incluye confecci\u00f3n de dise\u00f1o, ni modificaciones.<\/span><\/div>\n<\/div>\n<\/div>\n<\/div>\n<p>.<\/p>\n","protected":false},"featured_media":11519,"template":"","meta":[],"product_brand":[],"product_cat":[138,111],"product_tag":[],"class_list":{"0":"post-11010","1":"product","2":"type-product","3":"status-publish","4":"has-post-thumbnail","6":"product_cat-postales-personalizada-s-2-caras","7":"product_cat-tarjetas","9":"first","10":"instock","11":"shipping-taxable","12":"purchasable","13":"product-type-variable"},"featured_media_urls":{"thumbnail":["https:\/\/www.interplot.cl\/wp-content\/uploads\/2026\/01\/Postales-personalizadas-2-caras-mockup-150x150.jpg",150,150,true],"medium":["https:\/\/www.interplot.cl\/wp-content\/uploads\/2026\/01\/Postales-personalizadas-2-caras-mockup-300x300.jpg",300,300,true],"medium_large":["https:\/\/www.interplot.cl\/wp-content\/uploads\/2026\/01\/Postales-personalizadas-2-caras-mockup.jpg",600,600,false],"large":["https:\/\/www.interplot.cl\/wp-content\/uploads\/2026\/01\/Postales-personalizadas-2-caras-mockup.jpg",600,600,false],"1536x1536":["https:\/\/www.interplot.cl\/wp-content\/uploads\/2026\/01\/Postales-personalizadas-2-caras-mockup.jpg",600,600,false],"2048x2048":["https:\/\/www.interplot.cl\/wp-content\/uploads\/2026\/01\/Postales-personalizadas-2-caras-mockup.jpg",600,600,false],"depicter-thumbnail":["https:\/\/www.interplot.cl\/wp-content\/uploads\/2026\/01\/Postales-personalizadas-2-caras-mockup-200x200.jpg",200,200,true],"post-thumbnail":["https:\/\/www.interplot.cl\/wp-content\/uploads\/2026\/01\/Postales-personalizadas-2-caras-mockup-280x180.jpg",280,180,true],"woocommerce_thumbnail":["https:\/\/www.interplot.cl\/wp-content\/uploads\/2026\/01\/Postales-personalizadas-2-caras-mockup-300x300.jpg",300,300,true],"woocommerce_single":["https:\/\/www.interplot.cl\/wp-content\/uploads\/2026\/01\/Postales-personalizadas-2-caras-mockup.jpg",600,600,false],"woocommerce_gallery_thumbnail":["https:\/\/www.interplot.cl\/wp-content\/uploads\/2026\/01\/Postales-personalizadas-2-caras-mockup-100x100.jpg",100,100,true],"portfolio_item-thumbnail":["https:\/\/www.interplot.cl\/wp-content\/uploads\/2026\/01\/Postales-personalizadas-2-caras-mockup.jpg",400,400,false],"portfolio_item-thumbnail@2x":["https:\/\/www.interplot.cl\/wp-content\/uploads\/2026\/01\/Postales-personalizadas-2-caras-mockup.jpg",600,600,false],"portfolio_item-masonry":["https:\/\/www.interplot.cl\/wp-content\/uploads\/2026\/01\/Postales-personalizadas-2-caras-mockup.jpg",600,600,false],"portfolio_item-masonry@2x":["https:\/\/www.interplot.cl\/wp-content\/uploads\/2026\/01\/Postales-personalizadas-2-caras-mockup.jpg",600,600,false],"portfolio_item-thumbnail_cinema":["https:\/\/www.interplot.cl\/wp-content\/uploads\/2026\/01\/Postales-personalizadas-2-caras-mockup.jpg",335,335,false],"portfolio_item-thumbnail_portrait":["https:\/\/www.interplot.cl\/wp-content\/uploads\/2026\/01\/Postales-personalizadas-2-caras-mockup.jpg",600,600,false],"portfolio_item-thumbnail_portrait@2x":["https:\/\/www.interplot.cl\/wp-content\/uploads\/2026\/01\/Postales-personalizadas-2-caras-mockup.jpg",600,600,false],"portfolio_item-thumbnail_square":["https:\/\/www.interplot.cl\/wp-content\/uploads\/2026\/01\/Postales-personalizadas-2-caras-mockup.jpg",600,600,false],"variation_swatches_image_size":["https:\/\/www.interplot.cl\/wp-content\/uploads\/2026\/01\/Postales-personalizadas-2-caras-mockup-50x50.jpg",50,50,true],"variation_swatches_tooltip_size":["https:\/\/www.interplot.cl\/wp-content\/uploads\/2026\/01\/Postales-personalizadas-2-caras-mockup-100x100.jpg",100,100,true],"dgwt-wcas-product-suggestion":["https:\/\/www.interplot.cl\/wp-content\/uploads\/2026\/01\/Postales-personalizadas-2-caras-mockup-64x64.jpg",64,64,true]},"_links":{"self":[{"href":"https:\/\/www.interplot.cl\/index.php\/wp-json\/wp\/v2\/product\/11010","targetHints":{"allow":["GET"]}}],"collection":[{"href":"https:\/\/www.interplot.cl\/index.php\/wp-json\/wp\/v2\/product"}],"about":[{"href":"https:\/\/www.interplot.cl\/index.php\/wp-json\/wp\/v2\/types\/product"}],"wp:featuredmedia":[{"embeddable":true,"href":"https:\/\/www.interplot.cl\/index.php\/wp-json\/wp\/v2\/media\/11519"}],"wp:attachment":[{"href":"https:\/\/www.interplot.cl\/index.php\/wp-json\/wp\/v2\/media?parent=11010"}],"wp:term":[{"taxonomy":"product_brand","embeddable":true,"href":"https:\/\/www.interplot.cl\/index.php\/wp-json\/wp\/v2\/product_brand?post=11010"},{"taxonomy":"product_cat","embeddable":true,"href":"https:\/\/www.interplot.cl\/index.php\/wp-json\/wp\/v2\/product_cat?post=11010"},{"taxonomy":"product_tag","embeddable":true,"href":"https:\/\/www.interplot.cl\/index.php\/wp-json\/wp\/v2\/product_tag?post=11010"}],"curies":[{"name":"wp","href":"https:\/\/api.w.org\/{rel}","templated":true}]}}