{"id":11813,"date":"2026-01-28T17:33:32","date_gmt":"2026-01-28T17:33:32","guid":{"rendered":"https:\/\/www.interplot.cl\/?page_id=11813"},"modified":"2026-01-28T18:39:13","modified_gmt":"2026-01-28T18:39:13","slug":"politica-de-privacidad-2-2","status":"publish","type":"page","link":"https:\/\/www.interplot.cl\/index.php\/politica-de-privacidad-2-2\/","title":{"rendered":"Terminos y Condiciones"},"content":{"rendered":"\t\t<div data-elementor-type=\"wp-page\" data-elementor-id=\"11813\" class=\"elementor elementor-11813\" data-elementor-post-type=\"page\">\n\t\t\t\t<div class=\"aux-parallax-section elementor-element elementor-element-687209a e-con-full e-flex e-con e-parent\" data-id=\"687209a\" data-element_type=\"container\">\n\t\t\t\t<div class=\"elementor-element elementor-element-c6dbbc6 aux-appear-watch-animation aux-fade-in elementor-widget elementor-widget-aux_modern_heading\" data-id=\"c6dbbc6\" data-element_type=\"widget\" data-widget_type=\"aux_modern_heading.default\">\n\t\t\t\t<div class=\"elementor-widget-container\">\n\t\t\t\t\t<section class=\"aux-widget-modern-heading\">\n            <div class=\"aux-widget-inner\"><h2 class=\"aux-modern-heading-primary\">Termino y Condiciones <\/h2><\/div>\n        <\/section>\t\t\t\t<\/div>\n\t\t\t\t<\/div>\n\t\t\t\t<div class=\"elementor-element elementor-element-00c061c elementor-widget__width-initial elementor-widget elementor-widget-text-editor\" data-id=\"00c061c\" data-element_type=\"widget\" data-widget_type=\"text-editor.default\">\n\t\t\t\t<div class=\"elementor-widget-container\">\n\t\t\t\t\t\t\t\t\t<p style=\"text-align: center;\">Aceptaci\u00f3n de los T\u00e9rminos y Condiciones<\/p>\t\t\t\t\t\t\t\t<\/div>\n\t\t\t\t<\/div>\n\t\t\t\t<\/div>\n\t\t<div class=\"aux-parallax-section elementor-element elementor-element-bc6f0ab e-con-full e-flex e-con e-parent\" data-id=\"bc6f0ab\" data-element_type=\"container\">\n\t\t\t\t<div class=\"elementor-element elementor-element-1954e50 elementor-widget elementor-widget-text-editor\" data-id=\"1954e50\" data-element_type=\"widget\" data-widget_type=\"text-editor.default\">\n\t\t\t\t<div class=\"elementor-widget-container\">\n\t\t\t\t\t\t\t\t\t<p align=\"center\"><strong>T\u00e9rminos y Condiciones<\/strong><\/p><p align=\"center\">\u00a0<\/p><p><strong>Aceptaci\u00f3n de los T\u00e9rminos y Condiciones<\/strong><\/p><p>Por favor, lea atentamente estos T\u00e9rminos y Condiciones. Estos T\u00e9rminos y Condiciones de uso regulan su acceso y su uso de este Sitio. Al acceder o utilizar este Sitio, usted est\u00e1 aceptando su adhesi\u00f3n, plena y sin reservas, a todos y cada uno de estos T\u00e9rminos y Condiciones, as\u00ed como a todas las directrices, reglamentos o restricciones adicionales que puedan ser establecidas en conexi\u00f3n a secciones o servicios espec\u00edficos de este Sitio. Todas estas directrices, reglamentos o restricciones adicionales est\u00e1n incorporadas por definici\u00f3n en los presentes T\u00e9rminos y Condiciones.<\/p><p>INTERPLOT se reserva el derecho de modificar este Sitio y estos T\u00e9rminos y Condiciones en cualquier momento y sin previo aviso. Usted es responsable de revisar estos T\u00e9rminos y Condiciones cada vez que acceda a este Sitio.<\/p><p>Usted confirma estar de acuerdo con que le hagamos llegar todo tipo de comunicaci\u00f3n legal y avisos electr\u00f3nicamente, bien sea en nuestro sitio web o, si INTERPLOT as\u00ed lo prefiriera, envi\u00e1ndole un e-mail a la direcci\u00f3n que nos indic\u00f3 cuando se registr\u00f3 en nuestro sitio web. Usted podr\u00eda retirar su consentimiento a recibir comunicaciones por parte nuestra de forma electr\u00f3nica poni\u00e9ndose en contacto con nuestro departamento de atenci\u00f3n al cliente. En el caso de retirar dicho consentimiento, usted no podr\u00eda seguir utilizando su cuenta.<\/p><p>\u00a0<\/p><p><strong>Uso del Sitio<\/strong><\/p><p>Se le concede permiso para acceder y utilizar este Sitio y sus Contenidos con el \u00fanico prop\u00f3sito de preparar, evaluar y pedir productos o servicios exclusivamente a trav\u00e9s de INTERPLOT (en lo sucesivo, \u201cProductos\u201d). Cualquier otro tipo de subida, carga, descarga, retenci\u00f3n, uso, publicaci\u00f3n o distribuci\u00f3n de cualquier parte del Contenido no est\u00e1 autorizada ni permitida. El hecho de que usted obtenga Productos de INTERPLOT no le da derecho a utilizar cualquier parte del Contenido, excepto en los Productos finales tal y como se los entrega INTERPLOT .<\/p><p>Usted se compromete a utilizar este Sitio de manera responsable y en total conformidad con estos T\u00e9rminos y Condiciones y con sus leyes y normas locales, incluyendo las normas de importaci\u00f3n y exportaci\u00f3n. Sin limitar la generalidad de esta cl\u00e1usula, ninguna porci\u00f3n del Contenido podr\u00e1 ser utilizada como marca registrada o de servicio, para fines de uso pornogr\u00e1fico, para fines o efectos ilegales, para difamar a terceros, para violar el derecho a la intimidad y privacidad de terceros, para infringir los derechos de autor, nombre comercial, marca registrada, marca de servicio o cualquier otro derecho de propiedad intelectual perteneciente a otra persona o entidad. Usted se compromete a abstenerse de utilizar este Sitio para desarrollar Productos que sean ofensivos, ilegales, hostiles, difamatorios, amenazadores, da\u00f1inos, obscenos, maliciosos o de otro modo inaceptables. INTERPLOT se reserva el derecho a interrumpir su servicio a aquellos clientes que sean detectados usando INTERPLOT para dedicarse a fines indeseables.<\/p><p>Usted es el \u00fanico responsable por el uso de contenido en combinaci\u00f3n con im\u00e1genes, gr\u00e1ficos, textos u otros materiales que incorpore a sus productos. Usted acuerda que no incluir\u00e1 textos, im\u00e1genes, dise\u00f1os, marcas registradas, marcas de servicios, o cualquier obra de terceros protegida por los derechos de autor a sus productos a menos que tenga las autorizaciones correspondientes de los propietarios. Garantiza que sus productos no violan ning\u00fan derecho de terceros, incluyendo derechos de autor, marca registrada, derechos publicitarios o a la privacidad, y que no difamar\u00e1 a terceros. Asimismo, usted acuerda que tiene todos los derechos o permisos requeridos, necesarios para la incorporaci\u00f3n de materiales de terceros a sus productos, incluyendo materiales de terceros puestos a disposici\u00f3n por cualquier servicio de dise\u00f1o de terceros al cual se puede acceder por la p\u00e1gina web. Cuando crea un pedido en esta p\u00e1gina web, usted garantiza que tiene todos los permisos requeridos, que tiene pleno derecho a colocar un pedido y que autoriza a INTERPLOT a producir los productos en su nombre. Otorga a INTERPLOT el derecho de copiar, modificar, crear productos derivados y a vectorizar y subir contenidos (por ejemplo, contenido que usted carg\u00f3) con el prop\u00f3sito de cumplir con su pedido. Asimismo, usted garantiza que tiene los derechos pertinentes para otorgar a INTERPLOT el derecho de copiar, modificar, crear productos derivados y vectorizar y subir contenidos con el prop\u00f3sito de cumplir con su pedido.<\/p><p>Usted no puede usar esta p\u00e1gina web para enviar tarjetas digitales que puedan ser transmisi\u00f3n o spam de e-mails no solicitados. No puede utilizar encriptaci\u00f3n u otros programas que automaticen la creaci\u00f3n y\/o el env\u00edo de tarjetas digitales. INTERPLOT se reserva el derecho, a su total discreci\u00f3n, en cualquier momento y sin previo aviso, a limitar el n\u00famero de receptores a quienes usted pueda enviar una tarjeta digital y\/o limitar el n\u00famero de tarjetas digitales que usted pueda enviar.<\/p><p>Usted se compromete a ser personalmente responsable de proteger su contrase\u00f1a y controlar el acceso a la cuenta de la que usted es titular, as\u00ed como a ser personalmente responsable de todos los pedidos tramitados u otras acciones realizadas a trav\u00e9s de la cuenta de la que usted es titular.<\/p><p>\u00a0<\/p><p><strong>Comentarios enviados al Sitio<\/strong><\/p><p>Todas las observaciones, sugerencias, propuestas o cualquier otro tipo de comentarios (conjuntamente llamados \u201cComentarios\u201d) enviados a INTERPLOT en relaci\u00f3n con el funcionamiento o contenido de este Sitio ser\u00e1n ofrecidos por el usuario y recibidos por MACPRINT de forma no confidencial. Tales observaciones, sugerencias y otras informaciones pasar\u00e1n a ser la propiedad exclusiva de INTERPLOT . Al enviar tal informaci\u00f3n a INTERPLOT , usted reconoce y acepta que est\u00e1 transfiriendo y asignando, de forma gratuita, todos sus derechos, titularidad e intereses sobre tal informaci\u00f3n, incluyendo todos los derechos de autor y cualquier otro tipo de derechos de propiedad intelectual. Usted acepta que INTERPLOT tendr\u00e1 total libertad para utilizar tal informaci\u00f3n sin restricciones de ning\u00fan tipo<\/p>\t\t\t\t\t\t\t\t<\/div>\n\t\t\t\t<\/div>\n\t\t\t\t<\/div>\n\t\t\t\t<\/div>\n\t\t","protected":false},"excerpt":{"rendered":"<p>Termino y Condiciones Aceptaci\u00f3n de los T\u00e9rminos y Condiciones T\u00e9rminos y Condiciones \u00a0 Aceptaci\u00f3n de los T\u00e9rminos y Condiciones Por favor, lea atentamente estos T\u00e9rminos y Condiciones. Estos T\u00e9rminos y Condiciones de uso regulan su acceso y su uso de este Sitio. Al acceder o utilizar este Sitio, usted est\u00e1 aceptando su adhesi\u00f3n, plena y [&hellip;]<\/p>\n","protected":false},"author":2,"featured_media":0,"parent":0,"menu_order":0,"comment_status":"closed","ping_status":"closed","template":"","meta":{"footnotes":""},"class_list":["post-11813","page","type-page","status-publish","hentry"],"featured_media_urls":[],"_links":{"self":[{"href":"https:\/\/www.interplot.cl\/index.php\/wp-json\/wp\/v2\/pages\/11813","targetHints":{"allow":["GET"]}}],"collection":[{"href":"https:\/\/www.interplot.cl\/index.php\/wp-json\/wp\/v2\/pages"}],"about":[{"href":"https:\/\/www.interplot.cl\/index.php\/wp-json\/wp\/v2\/types\/page"}],"author":[{"embeddable":true,"href":"https:\/\/www.interplot.cl\/index.php\/wp-json\/wp\/v2\/users\/2"}],"replies":[{"embeddable":true,"href":"https:\/\/www.interplot.cl\/index.php\/wp-json\/wp\/v2\/comments?post=11813"}],"version-history":[{"count":7,"href":"https:\/\/www.interplot.cl\/index.php\/wp-json\/wp\/v2\/pages\/11813\/revisions"}],"predecessor-version":[{"id":11823,"href":"https:\/\/www.interplot.cl\/index.php\/wp-json\/wp\/v2\/pages\/11813\/revisions\/11823"}],"wp:attachment":[{"href":"https:\/\/www.interplot.cl\/index.php\/wp-json\/wp\/v2\/media?parent=11813"}],"curies":[{"name":"wp","href":"https:\/\/api.w.org\/{rel}","templated":true}]}}