{"id":11784,"date":"2026-01-28T16:01:49","date_gmt":"2026-01-28T16:01:49","guid":{"rendered":"https:\/\/www.interplot.cl\/?page_id=11784"},"modified":"2026-02-10T19:54:20","modified_gmt":"2026-02-10T19:54:20","slug":"politica-de-privacidad","status":"publish","type":"page","link":"https:\/\/www.interplot.cl\/index.php\/politica-de-privacidad\/","title":{"rendered":"Pol\u00edtica de Privacidad"},"content":{"rendered":"\t\t<div data-elementor-type=\"wp-page\" data-elementor-id=\"11784\" class=\"elementor elementor-11784\" data-elementor-post-type=\"page\">\n\t\t\t\t<div class=\"aux-parallax-section elementor-element elementor-element-687209a e-con-full e-flex e-con e-parent\" data-id=\"687209a\" data-element_type=\"container\">\n\t\t\t\t<div class=\"elementor-element elementor-element-c6dbbc6 aux-appear-watch-animation aux-fade-in elementor-widget elementor-widget-aux_modern_heading\" data-id=\"c6dbbc6\" data-element_type=\"widget\" data-widget_type=\"aux_modern_heading.default\">\n\t\t\t\t<div class=\"elementor-widget-container\">\n\t\t\t\t\t<section class=\"aux-widget-modern-heading\">\n            <div class=\"aux-widget-inner\"><h2 class=\"aux-modern-heading-primary\">Pol\u00edtica de Privacidad<\/h2><\/div>\n        <\/section>\t\t\t\t<\/div>\n\t\t\t\t<\/div>\n\t\t\t\t<div class=\"elementor-element elementor-element-00c061c elementor-widget__width-initial elementor-widget elementor-widget-text-editor\" data-id=\"00c061c\" data-element_type=\"widget\" data-widget_type=\"text-editor.default\">\n\t\t\t\t<div class=\"elementor-widget-container\">\n\t\t\t\t\t\t\t\t\t<p style=\"text-align: center;\" data-start=\"220\" data-end=\"267\">Transparencia y cuidado de tu informaci\u00f3n<\/p>\t\t\t\t\t\t\t\t<\/div>\n\t\t\t\t<\/div>\n\t\t\t\t<\/div>\n\t\t<div class=\"aux-parallax-section elementor-element elementor-element-bc6f0ab e-con-full e-flex e-con e-parent\" data-id=\"bc6f0ab\" data-element_type=\"container\">\n\t\t\t\t<div class=\"elementor-element elementor-element-1364ff0 elementor-widget elementor-widget-text-editor\" data-id=\"1364ff0\" data-element_type=\"widget\" data-widget_type=\"text-editor.default\">\n\t\t\t\t<div class=\"elementor-widget-container\">\n\t\t\t\t\t\t\t\t\t<p align=\"center\">\u00a0<\/p><p>INTERPLOT valora a sus clientes y respeta su privacidad. Guardamos la informaci\u00f3n del cliente en un esfuerzo para mejorar su experiencia de compra y para comunicarnos con usted acerca de nuestros productos, servicios, concursos y promociones.<\/p><p>INTERPLOT reconoce que debe mantener y usar informaci\u00f3n de los clientes de manera responsable. No vendemos ni alquilamos la informaci\u00f3n que usted nos proporciona en l\u00ednea a terceros. Sin embargo, compartimos su informaci\u00f3n con terceros en determinadas circunstancias, como se detalla a continuaci\u00f3n.<\/p><p>Esta pol\u00edtica describe la informaci\u00f3n personal que recopilamos sobre usted, por qu\u00e9 la recopilamos, c\u00f3mo la usamos y cu\u00e1ndo la compartimos con terceros. Nuestra pol\u00edtica tambi\u00e9n describe las opciones que usted puede hacer sobre c\u00f3mo recopilamos y utilizamos su informaci\u00f3n. Si usted tiene alguna pregunta sobre nuestra pol\u00edtica de privacidad, comun\u00edquese con el servicio al cliente de INTERPLOT al siguiente correo electr\u00f3nico: <a href=\"mailto:interplot@gmail.com\">interplot@gmail.com<\/a><\/p><p>Si nuestras pr\u00e1cticas de informaci\u00f3n cambian en el futuro, se lo haremos saber mediante la publicaci\u00f3n de los cambios de pol\u00edtica en nuestro sitio Web o comunic\u00e1ndose directamente con usted. Le notificaremos de cualquier cambio antes de utilizar su informaci\u00f3n. Usted tendr\u00e1 la oportunidad en ese momento de optar por cualquier nuevo uso de su informaci\u00f3n.<\/p><p><strong>\u00bfQu\u00e9 guardamos?<\/strong><\/p><p>Recogemos la informaci\u00f3n (como su nombre, direcci\u00f3n de correo electr\u00f3nico, direcci\u00f3n postal, n\u00fameros de tel\u00e9fono y tarjeta de cr\u00e9dito) que usted nos proporciona cuando realiza un pedido, as\u00ed tambi\u00e9n podr\u00e1 participar en concursos, promociones o encuestas que realizaremos.<\/p><p>Tambi\u00e9n mantenemos un registro hist\u00f3rico de sus pedidos o compras en l\u00ednea y en nuestras tiendas. Toda la informaci\u00f3n que recopilamos se da a terceros SOLO si est\u00e1n implicados en la realizaci\u00f3n de su solicitud.<\/p><p><strong>\u00bfPara qu\u00e9 usamos su informaci\u00f3n?<\/strong><\/p><p>Cuando usted realiza una cotizacion en l\u00ednea en INTERPLOT, usamos su informaci\u00f3n para procesar su solicitud. Tambi\u00e9n vamos a enviar mensajes de correo electr\u00f3nico para confirmar su pedido, es posible que necesitemos contactarnos con usted por tel\u00e9fono o correo electr\u00f3nico si tuvi\u00e9semos otras preguntas con respecto a su solicitud. De esta manera, usted ser\u00e1 autom\u00e1ticamente inscrito para recibir actualizaciones por correo electr\u00f3nico acerca de nuestros productos, servicios, concursos y promociones.<\/p><p>Si en alg\u00fan momento a usted le gustar\u00eda eliminarse de nuestro correo electr\u00f3nico o listas de correo postal, no dude en ponerse en contacto con nuestro servicio al cliente.<\/p><p>Para servirle mejor, podemos combinar la informaci\u00f3n que nos proporciona en l\u00ednea y en nuestras tiendas, as\u00ed como informaci\u00f3n sobre sus intereses y las compras de productos. Adem\u00e1s, podemos combinar la informaci\u00f3n que usted proporcione con informaci\u00f3n demogr\u00e1fica que est\u00e1 a disposici\u00f3n del p\u00fablico. Usamos esta informaci\u00f3n combinada para mejorar y personalizar su experiencia de compra con nosotros, y para comunicarnos con usted por correo electr\u00f3nico acerca de nuestros productos, servicios, concursos y promociones que puedan ser de su inter\u00e9s. Si no desea que utilicemos su informaci\u00f3n como se describe anteriormente, por favor comun\u00edquese con el servicio al cliente por correo electr\u00f3nico a <a href=\"mailto:interplot@gmail.com\">interplot@gmail.com<\/a><\/p><p><strong>Operaciones con terceros<\/strong><\/p><p>Tenemos contratos con terceros para que nos ayuden en el mantenimiento y la gesti\u00f3n de informaci\u00f3n de nuestros clientes para cumplir con las promociones y para comunicarnos con nuestros clientes. Ninguna de esas terceras partes est\u00e1 autorizada para hacer cualquier otro uso de su informaci\u00f3n.<\/p><p>Cuando los productos que se ofrecen son en equipo con otra empresa, se podr\u00e1 cruzar la informaci\u00f3n de nuestros clientes, bases de datos, para identificar a los clientes comunes. Nosotros y la otra empresa podemos utilizar esa informaci\u00f3n existente para identificar futuras oportunidades de promoci\u00f3n y para cumplir las obligaciones de promoci\u00f3n o contractuales. Cuando ofrecemos concursos y promociones, o unirse con otras empresas para hacerlo, los clientes que opten por participar en los concursos y las promociones se les puede pedir que proporcionen informaci\u00f3n personal para participar. Esta informaci\u00f3n luego puede ser utilizada por nosotros y cualquier compa\u00f1\u00eda que ofrece el concurso o promoci\u00f3n para notificar a los ganadores o para satisfacer obligaciones promocionales.<\/p><p>Si antes de participar en un concurso o promoci\u00f3n, opt\u00f3 por no recibir informaci\u00f3n de nosotros, usted todav\u00eda puede recibir informaci\u00f3n de o acerca de INTERPLOT en relaci\u00f3n con el concurso o promoci\u00f3n si decide participar en \u00e9l. Usted no puede optar a participar en estos concursos o promociones, si usted no desea recibir informaci\u00f3n acerca de la INTERPLOT o compartir su informaci\u00f3n con nosotros y las otras empresas patrocinadoras de los concursos o promociones.<\/p><p>Tambi\u00e9n podemos compartir informaci\u00f3n agregada, no personal identificable sobre usted (como la edad, sexo y tipos de productos comprados) con nuestros socios comerciales para cumplir con nuestras obligaciones contractuales. Excepto por lo descrito anteriormente, no compartimos, alquilamos o vendemos la informaci\u00f3n que recopilamos en l\u00ednea a cualquier tercero no afiliado.<\/p><p><strong>Acceso a su informaci\u00f3n<\/strong><\/p><p>Para acceder a su informaci\u00f3n en l\u00ednea, simplemente haga clic en el enlace Cuenta acceder, a continuaci\u00f3n, seleccione la secci\u00f3n adecuada para revisar, editar o borrar su informaci\u00f3n personal. Tenga en cuenta que cualquier solicitud puede cambiar la frecuencia con que le enviemos actualizaciones por correo electr\u00f3nico.<\/p><p>Si en alg\u00fan momento a usted le gustar\u00eda ser eliminado de nuestro correo electr\u00f3nico, o si usted no desea que utilicemos su informaci\u00f3n para mejorar su experiencia de compra, no dude en ponerse en contacto con nuestro servicio al cliente v\u00eda correo electr\u00f3nico <a href=\"mailto:interplot@gmail.com\">interplot@gmail.com<\/a><\/p><p>Por favor, aseg\u00farese de incluir su direcci\u00f3n de correo electr\u00f3nico y nombre completo.<\/p><p>Tenga en cuenta que estas solicitudes pueden tardar hasta ocho semanas para hacer efecto. Adem\u00e1s, si usted nos pide que eliminemos su nombre y la direcci\u00f3n de correo electr\u00f3nico o listas de correo postal, mantendremos su nombre en un archivo &#8220;no electr\u00f3nico&#8221; para garantizar que podemos atender su petici\u00f3n. Tenga en cuenta que cuando usted hace una compra, le enviaremos un correo electr\u00f3nico para confirmar su orden o tambi\u00e9n podremos contactarlo por tel\u00e9fono, si tuvi\u00e9ramos preguntas respecto a su solicitud.<\/p><p><strong>Privacidad para los ni\u00f1os<\/strong><\/p><p>Estamos preocupados por la seguridad de los ni\u00f1os cuando usan Internet. De acuerdo con la Children&#8217;s Online Privacy Protection Act de 1998, nunca solicitaremos informaci\u00f3n de identificaci\u00f3n personal de cualquier persona menor de 13 a\u00f1os sin el previo consentimiento verificable de sus padres.<\/p><p>Si nos damos cuenta de que un suscriptor es menor de 13 a\u00f1os y ha firmado sin el previo consentimiento paterno verificable, eliminaremos sus datos de identificaci\u00f3n personal de nuestros archivos.<\/p><p><strong>Cookies<\/strong><\/p><p>Una cookie es un peque\u00f1o archivo, que los sitios web suelen almacenar en el disco duro de su computadora cuando usted visita sus sitios. Una cookie puede contener informaci\u00f3n (tal como una \u00fanica ID de usuario), que se utiliza para rastrear las p\u00e1ginas de los sitios que has visitado. Usamos &#8220;cookies&#8221;, pero no almacenan informaci\u00f3n de identificaci\u00f3n personal en la cookie.<\/p><p>Nosotros utilizamos cookies para mejorar su experiencia de compra. Cuando usted visita imprentaonline.com.ec, la cookie nos ayuda a realizar un seguimiento de su pedido, cuando compra en nuestro sitio. Si ha guardado su informaci\u00f3n con nosotros, su cookie nos permite reconocerle cuando regrese a nuestro sitio y le proporciona acceso a la informaci\u00f3n de su cuenta.<\/p><p>Nosotros utilizamos cookies para monitorear y mantener informaci\u00f3n sobre su uso de nuestro sitio. Si no ha guardado su informaci\u00f3n con nosotros, podemos monitorear y mantener informaci\u00f3n sobre su uso de nuestro sitio Web en una forma que no le identifica. En cualquier caso, esta informaci\u00f3n nos ayuda a brindarle un mejor servicio mediante la mejora de nuestro dise\u00f1o del sitio, as\u00ed como nuestros productos, servicios, concursos y promociones.<\/p><p>Usted puede rechazar las cookies dando la orden a su navegador. Si desactiva las cookies, sin embargo, no seremos capaces de rastrear su pedido para que le permita hacer una compra desde nuestro sitio. Tampoco podremos reconocerle como un usuario registrado para permitirle el acceso a la informaci\u00f3n de su cuenta.<\/p>\t\t\t\t\t\t\t\t<\/div>\n\t\t\t\t<\/div>\n\t\t\t\t<\/div>\n\t\t\t\t<\/div>\n\t\t","protected":false},"excerpt":{"rendered":"<p>Pol\u00edtica de Privacidad Transparencia y cuidado de tu informaci\u00f3n \u00a0 INTERPLOT valora a sus clientes y respeta su privacidad. Guardamos la informaci\u00f3n del cliente en un esfuerzo para mejorar su experiencia de compra y para comunicarnos con usted acerca de nuestros productos, servicios, concursos y promociones. INTERPLOT reconoce que debe mantener y usar informaci\u00f3n de [&hellip;]<\/p>\n","protected":false},"author":2,"featured_media":0,"parent":0,"menu_order":0,"comment_status":"closed","ping_status":"closed","template":"","meta":{"footnotes":""},"class_list":["post-11784","page","type-page","status-publish","hentry"],"featured_media_urls":[],"_links":{"self":[{"href":"https:\/\/www.interplot.cl\/index.php\/wp-json\/wp\/v2\/pages\/11784","targetHints":{"allow":["GET"]}}],"collection":[{"href":"https:\/\/www.interplot.cl\/index.php\/wp-json\/wp\/v2\/pages"}],"about":[{"href":"https:\/\/www.interplot.cl\/index.php\/wp-json\/wp\/v2\/types\/page"}],"author":[{"embeddable":true,"href":"https:\/\/www.interplot.cl\/index.php\/wp-json\/wp\/v2\/users\/2"}],"replies":[{"embeddable":true,"href":"https:\/\/www.interplot.cl\/index.php\/wp-json\/wp\/v2\/comments?post=11784"}],"version-history":[{"count":7,"href":"https:\/\/www.interplot.cl\/index.php\/wp-json\/wp\/v2\/pages\/11784\/revisions"}],"predecessor-version":[{"id":11869,"href":"https:\/\/www.interplot.cl\/index.php\/wp-json\/wp\/v2\/pages\/11784\/revisions\/11869"}],"wp:attachment":[{"href":"https:\/\/www.interplot.cl\/index.php\/wp-json\/wp\/v2\/media?parent=11784"}],"curies":[{"name":"wp","href":"https:\/\/api.w.org\/{rel}","templated":true}]}}